{"id":16,"date":"2018-09-21T15:42:35","date_gmt":"2018-09-21T15:42:35","guid":{"rendered":"http:\/\/liemchinhsecurity.com\/?page_id=16"},"modified":"2021-05-17T10:24:58","modified_gmt":"2021-05-17T03:24:58","slug":"lien-he","status":"publish","type":"page","link":"https:\/\/liemchinhsecurity.com\/?page_id=16","title":{"rendered":"Li\u00ean h\u1ec7"},"content":{"rendered":"","protected":false},"excerpt":{"rendered":"","protected":false},"author":1,"featured_media":0,"parent":0,"menu_order":0,"comment_status":"closed","ping_status":"closed","template":"","meta":[],"yoast_head":"<!-- This site is optimized with the Yoast SEO Premium plugin v16.2 (Yoast SEO v18.3) - https:\/\/yoast.com\/wordpress\/plugins\/seo\/ -->\n<title>Li\u00ean h\u1ec7 - C\u00f4ng ty B\u1ea3o V\u1ec7 TPHCM<\/title>\n<meta name=\"robots\" content=\"index, follow, max-snippet:-1, max-image-preview:large, max-video-preview:-1\" \/>\n<link rel=\"canonical\" href=\"https:\/\/liemchinhsecurity.com\/?page_id=16\" \/>\n<meta property=\"og:locale\" content=\"vi_VN\" \/>\n<meta property=\"og:type\" content=\"article\" \/>\n<meta property=\"og:title\" content=\"Li\u00ean h\u1ec7 - C\u00f4ng ty B\u1ea3o V\u1ec7 TPHCM\" \/>\n<meta property=\"og:url\" content=\"https:\/\/liemchinhsecurity.com\/?page_id=16\" \/>\n<meta property=\"og:site_name\" content=\"C\u00f4ng ty B\u1ea3o V\u1ec7 TPHCM\" \/>\n<meta property=\"article:publisher\" content=\"https:\/\/www.facebook.com\/baoveliemchinh\/\" \/>\n<meta property=\"article:modified_time\" content=\"2021-05-17T03:24:58+00:00\" \/>\n<meta name=\"twitter:card\" content=\"summary_large_image\" \/>\n<meta name=\"twitter:site\" content=\"@baoveliemchinh\" \/>\n<script type=\"application\/ld+json\" class=\"yoast-schema-graph\">{\"@context\":\"https:\/\/schema.org\",\"@graph\":[{\"@type\":\"Organization\",\"@id\":\"https:\/\/liemchinhsecurity.com\/#organization\",\"name\":\"C\u00d4NG TY B\u1ea2O V\u1ec6 UY T\u00cdN CH\u1ea4T L\u01af\u1ee2NG CHUY\u00caN NGHI\u1ec6P GI\u00c1 R\u1eba LI\u00caM CH\u00cdNH\",\"url\":\"https:\/\/liemchinhsecurity.com\/\",\"sameAs\":[\"https:\/\/www.facebook.com\/baoveliemchinh\/\",\"https:\/\/www.youtube.com\/channel\/UCVqUA6L67w-ca5PM39JAYpQ\",\"https:\/\/twitter.com\/baoveliemchinh\"],\"logo\":{\"@type\":\"ImageObject\",\"@id\":\"https:\/\/liemchinhsecurity.com\/#logo\",\"inLanguage\":\"vi\",\"url\":\"https:\/\/liemchinhsecurity.com\/wp-content\/uploads\/2018\/09\/LOGO-cong-ty.png\",\"contentUrl\":\"https:\/\/liemchinhsecurity.com\/wp-content\/uploads\/2018\/09\/LOGO-cong-ty.png\",\"width\":100,\"height\":100,\"caption\":\"C\u00d4NG TY B\u1ea2O V\u1ec6 UY T\u00cdN CH\u1ea4T L\u01af\u1ee2NG CHUY\u00caN NGHI\u1ec6P GI\u00c1 R\u1eba LI\u00caM CH\u00cdNH\"},\"image\":{\"@id\":\"https:\/\/liemchinhsecurity.com\/#logo\"}},{\"@type\":\"WebSite\",\"@id\":\"https:\/\/liemchinhsecurity.com\/#website\",\"url\":\"https:\/\/liemchinhsecurity.com\/\",\"name\":\"C\u00f4ng ty B\u1ea3o V\u1ec7 TPHCM\",\"description\":\"C\u00f4ng Ty B\u1ea3o v\u1ec7 Li\u00eam Ch\u00ednh l\u00e0 ch\u00eca kh\u00f3a cho nh\u01b0ng gi\u1ea3i ph\u00e1p an ninh\",\"publisher\":{\"@id\":\"https:\/\/liemchinhsecurity.com\/#organization\"},\"potentialAction\":[{\"@type\":\"SearchAction\",\"target\":{\"@type\":\"EntryPoint\",\"urlTemplate\":\"https:\/\/liemchinhsecurity.com\/?s={search_term_string}\"},\"query-input\":\"required name=search_term_string\"}],\"inLanguage\":\"vi\"},{\"@type\":\"WebPage\",\"@id\":\"https:\/\/liemchinhsecurity.com\/?page_id=16#webpage\",\"url\":\"https:\/\/liemchinhsecurity.com\/?page_id=16\",\"name\":\"Li\u00ean h\u1ec7 - C\u00f4ng ty B\u1ea3o V\u1ec7 TPHCM\",\"isPartOf\":{\"@id\":\"https:\/\/liemchinhsecurity.com\/#website\"},\"datePublished\":\"2018-09-21T15:42:35+00:00\",\"dateModified\":\"2021-05-17T03:24:58+00:00\",\"breadcrumb\":{\"@id\":\"https:\/\/liemchinhsecurity.com\/?page_id=16#breadcrumb\"},\"inLanguage\":\"vi\",\"potentialAction\":[{\"@type\":\"ReadAction\",\"target\":[\"https:\/\/liemchinhsecurity.com\/?page_id=16\"]}]},{\"@type\":\"BreadcrumbList\",\"@id\":\"https:\/\/liemchinhsecurity.com\/?page_id=16#breadcrumb\",\"itemListElement\":[{\"@type\":\"ListItem\",\"position\":1,\"name\":\"Trang ch\u1ee7\",\"item\":\"https:\/\/liemchinhsecurity.com\/\"},{\"@type\":\"ListItem\",\"position\":2,\"name\":\"Li\u00ean h\u1ec7\"}]}]}<\/script>\n<!-- \/ Yoast SEO Premium plugin. -->","yoast_head_json":{"title":"Li\u00ean h\u1ec7 - C\u00f4ng ty B\u1ea3o V\u1ec7 TPHCM","robots":{"index":"index","follow":"follow","max-snippet":"max-snippet:-1","max-image-preview":"max-image-preview:large","max-video-preview":"max-video-preview:-1"},"canonical":"https:\/\/liemchinhsecurity.com\/?page_id=16","og_locale":"vi_VN","og_type":"article","og_title":"Li\u00ean h\u1ec7 - C\u00f4ng ty B\u1ea3o V\u1ec7 TPHCM","og_url":"https:\/\/liemchinhsecurity.com\/?page_id=16","og_site_name":"C\u00f4ng ty B\u1ea3o V\u1ec7 TPHCM","article_publisher":"https:\/\/www.facebook.com\/baoveliemchinh\/","article_modified_time":"2021-05-17T03:24:58+00:00","twitter_card":"summary_large_image","twitter_site":"@baoveliemchinh","schema":{"@context":"https:\/\/schema.org","@graph":[{"@type":"Organization","@id":"https:\/\/liemchinhsecurity.com\/#organization","name":"C\u00d4NG TY B\u1ea2O V\u1ec6 UY T\u00cdN CH\u1ea4T L\u01af\u1ee2NG CHUY\u00caN NGHI\u1ec6P GI\u00c1 R\u1eba LI\u00caM CH\u00cdNH","url":"https:\/\/liemchinhsecurity.com\/","sameAs":["https:\/\/www.facebook.com\/baoveliemchinh\/","https:\/\/www.youtube.com\/channel\/UCVqUA6L67w-ca5PM39JAYpQ","https:\/\/twitter.com\/baoveliemchinh"],"logo":{"@type":"ImageObject","@id":"https:\/\/liemchinhsecurity.com\/#logo","inLanguage":"vi","url":"https:\/\/liemchinhsecurity.com\/wp-content\/uploads\/2018\/09\/LOGO-cong-ty.png","contentUrl":"https:\/\/liemchinhsecurity.com\/wp-content\/uploads\/2018\/09\/LOGO-cong-ty.png","width":100,"height":100,"caption":"C\u00d4NG TY B\u1ea2O V\u1ec6 UY T\u00cdN CH\u1ea4T L\u01af\u1ee2NG CHUY\u00caN NGHI\u1ec6P GI\u00c1 R\u1eba LI\u00caM CH\u00cdNH"},"image":{"@id":"https:\/\/liemchinhsecurity.com\/#logo"}},{"@type":"WebSite","@id":"https:\/\/liemchinhsecurity.com\/#website","url":"https:\/\/liemchinhsecurity.com\/","name":"C\u00f4ng ty B\u1ea3o V\u1ec7 TPHCM","description":"C\u00f4ng Ty B\u1ea3o v\u1ec7 Li\u00eam Ch\u00ednh l\u00e0 ch\u00eca kh\u00f3a cho nh\u01b0ng gi\u1ea3i ph\u00e1p an ninh","publisher":{"@id":"https:\/\/liemchinhsecurity.com\/#organization"},"potentialAction":[{"@type":"SearchAction","target":{"@type":"EntryPoint","urlTemplate":"https:\/\/liemchinhsecurity.com\/?s={search_term_string}"},"query-input":"required name=search_term_string"}],"inLanguage":"vi"},{"@type":"WebPage","@id":"https:\/\/liemchinhsecurity.com\/?page_id=16#webpage","url":"https:\/\/liemchinhsecurity.com\/?page_id=16","name":"Li\u00ean h\u1ec7 - C\u00f4ng ty B\u1ea3o V\u1ec7 TPHCM","isPartOf":{"@id":"https:\/\/liemchinhsecurity.com\/#website"},"datePublished":"2018-09-21T15:42:35+00:00","dateModified":"2021-05-17T03:24:58+00:00","breadcrumb":{"@id":"https:\/\/liemchinhsecurity.com\/?page_id=16#breadcrumb"},"inLanguage":"vi","potentialAction":[{"@type":"ReadAction","target":["https:\/\/liemchinhsecurity.com\/?page_id=16"]}]},{"@type":"BreadcrumbList","@id":"https:\/\/liemchinhsecurity.com\/?page_id=16#breadcrumb","itemListElement":[{"@type":"ListItem","position":1,"name":"Trang ch\u1ee7","item":"https:\/\/liemchinhsecurity.com\/"},{"@type":"ListItem","position":2,"name":"Li\u00ean h\u1ec7"}]}]}},"_links":{"self":[{"href":"https:\/\/liemchinhsecurity.com\/index.php?rest_route=\/wp\/v2\/pages\/16"}],"collection":[{"href":"https:\/\/liemchinhsecurity.com\/index.php?rest_route=\/wp\/v2\/pages"}],"about":[{"href":"https:\/\/liemchinhsecurity.com\/index.php?rest_route=\/wp\/v2\/types\/page"}],"author":[{"embeddable":true,"href":"https:\/\/liemchinhsecurity.com\/index.php?rest_route=\/wp\/v2\/users\/1"}],"replies":[{"embeddable":true,"href":"https:\/\/liemchinhsecurity.com\/index.php?rest_route=%2Fwp%2Fv2%2Fcomments&post=16"}],"version-history":[{"count":1,"href":"https:\/\/liemchinhsecurity.com\/index.php?rest_route=\/wp\/v2\/pages\/16\/revisions"}],"predecessor-version":[{"id":17,"href":"https:\/\/liemchinhsecurity.com\/index.php?rest_route=\/wp\/v2\/pages\/16\/revisions\/17"}],"wp:attachment":[{"href":"https:\/\/liemchinhsecurity.com\/index.php?rest_route=%2Fwp%2Fv2%2Fmedia&parent=16"}],"curies":[{"name":"wp","href":"https:\/\/api.w.org\/{rel}","templated":true}]}}