{"id":49,"date":"2018-09-21T15:50:03","date_gmt":"2018-09-21T15:50:03","guid":{"rendered":"http:\/\/liemchinhsecurity.com\/?page_id=49"},"modified":"2018-10-31T21:47:12","modified_gmt":"2018-10-31T14:47:12","slug":"tuyen-dung","status":"publish","type":"page","link":"https:\/\/liemchinhsecurity.com\/?page_id=49","title":{"rendered":"Tuy\u1ec3n d\u1ee5ng"},"content":{"rendered":"<blockquote class=\"wp-embedded-content\" data-secret=\"8anS48wad5\"><p><a href=\"https:\/\/liemchinhsecurity.com\/tuyen-nhan-vien-bao-ve\/\">Tuy\u1ec3n nh\u00e2n vi\u00ean b\u1ea3o v\u1ec7<\/a><\/p><\/blockquote>\n<p><iframe class=\"wp-embedded-content\" sandbox=\"allow-scripts\" security=\"restricted\" style=\"position: absolute; clip: rect(1px, 1px, 1px, 1px);\" src=\"https:\/\/liemchinhsecurity.com\/tuyen-nhan-vien-bao-ve\/embed\/#?secret=8anS48wad5\" data-secret=\"8anS48wad5\" width=\"600\" height=\"338\" title=\"&#8220;Tuy\u1ec3n nh\u00e2n vi\u00ean b\u1ea3o v\u1ec7&#8221; &#8212; C\u00f4ng ty TNHH D\u1ecbch V\u1ee5 B\u1ea3o V\u1ec7 Li\u00eam Ch\u00ednh\" frameborder=\"0\" marginwidth=\"0\" marginheight=\"0\" scrolling=\"no\"><\/iframe><\/p>\n","protected":false},"excerpt":{"rendered":"<p>Tuy\u1ec3n nh\u00e2n vi\u00ean b\u1ea3o v\u1ec7<\/p>\n","protected":false},"author":1,"featured_media":0,"parent":0,"menu_order":0,"comment_status":"closed","ping_status":"closed","template":"","meta":[],"yoast_head":"<!-- This site is optimized with the Yoast SEO Premium plugin v16.2 (Yoast SEO v18.3) - https:\/\/yoast.com\/wordpress\/plugins\/seo\/ -->\n<title>Tuy\u1ec3n d\u1ee5ng - C\u00f4ng ty B\u1ea3o V\u1ec7 TPHCM<\/title>\n<meta name=\"robots\" content=\"index, follow, max-snippet:-1, max-image-preview:large, max-video-preview:-1\" \/>\n<link rel=\"canonical\" href=\"https:\/\/liemchinhsecurity.com\/?page_id=49\" \/>\n<meta property=\"og:locale\" content=\"vi_VN\" \/>\n<meta property=\"og:type\" content=\"article\" \/>\n<meta property=\"og:title\" content=\"Tuy\u1ec3n d\u1ee5ng - C\u00f4ng ty B\u1ea3o V\u1ec7 TPHCM\" \/>\n<meta property=\"og:description\" content=\"Tuy\u1ec3n nh\u00e2n vi\u00ean b\u1ea3o v\u1ec7\" \/>\n<meta property=\"og:url\" content=\"https:\/\/liemchinhsecurity.com\/?page_id=49\" \/>\n<meta property=\"og:site_name\" content=\"C\u00f4ng ty B\u1ea3o V\u1ec7 TPHCM\" \/>\n<meta property=\"article:publisher\" content=\"https:\/\/www.facebook.com\/baoveliemchinh\/\" \/>\n<meta property=\"article:modified_time\" content=\"2018-10-31T14:47:12+00:00\" \/>\n<meta name=\"twitter:card\" content=\"summary_large_image\" \/>\n<meta name=\"twitter:site\" content=\"@baoveliemchinh\" \/>\n<script type=\"application\/ld+json\" class=\"yoast-schema-graph\">{\"@context\":\"https:\/\/schema.org\",\"@graph\":[{\"@type\":\"Organization\",\"@id\":\"https:\/\/liemchinhsecurity.com\/#organization\",\"name\":\"C\u00d4NG TY B\u1ea2O V\u1ec6 UY T\u00cdN CH\u1ea4T L\u01af\u1ee2NG CHUY\u00caN NGHI\u1ec6P GI\u00c1 R\u1eba LI\u00caM CH\u00cdNH\",\"url\":\"https:\/\/liemchinhsecurity.com\/\",\"sameAs\":[\"https:\/\/www.facebook.com\/baoveliemchinh\/\",\"https:\/\/www.youtube.com\/channel\/UCVqUA6L67w-ca5PM39JAYpQ\",\"https:\/\/twitter.com\/baoveliemchinh\"],\"logo\":{\"@type\":\"ImageObject\",\"@id\":\"https:\/\/liemchinhsecurity.com\/#logo\",\"inLanguage\":\"vi\",\"url\":\"https:\/\/liemchinhsecurity.com\/wp-content\/uploads\/2018\/09\/LOGO-cong-ty.png\",\"contentUrl\":\"https:\/\/liemchinhsecurity.com\/wp-content\/uploads\/2018\/09\/LOGO-cong-ty.png\",\"width\":100,\"height\":100,\"caption\":\"C\u00d4NG TY B\u1ea2O V\u1ec6 UY T\u00cdN CH\u1ea4T L\u01af\u1ee2NG CHUY\u00caN NGHI\u1ec6P GI\u00c1 R\u1eba LI\u00caM CH\u00cdNH\"},\"image\":{\"@id\":\"https:\/\/liemchinhsecurity.com\/#logo\"}},{\"@type\":\"WebSite\",\"@id\":\"https:\/\/liemchinhsecurity.com\/#website\",\"url\":\"https:\/\/liemchinhsecurity.com\/\",\"name\":\"C\u00f4ng ty B\u1ea3o V\u1ec7 TPHCM\",\"description\":\"C\u00f4ng Ty B\u1ea3o v\u1ec7 Li\u00eam Ch\u00ednh l\u00e0 ch\u00eca kh\u00f3a cho nh\u01b0ng gi\u1ea3i ph\u00e1p an ninh\",\"publisher\":{\"@id\":\"https:\/\/liemchinhsecurity.com\/#organization\"},\"potentialAction\":[{\"@type\":\"SearchAction\",\"target\":{\"@type\":\"EntryPoint\",\"urlTemplate\":\"https:\/\/liemchinhsecurity.com\/?s={search_term_string}\"},\"query-input\":\"required name=search_term_string\"}],\"inLanguage\":\"vi\"},{\"@type\":\"WebPage\",\"@id\":\"https:\/\/liemchinhsecurity.com\/?page_id=49#webpage\",\"url\":\"https:\/\/liemchinhsecurity.com\/?page_id=49\",\"name\":\"Tuy\u1ec3n d\u1ee5ng - C\u00f4ng ty B\u1ea3o V\u1ec7 TPHCM\",\"isPartOf\":{\"@id\":\"https:\/\/liemchinhsecurity.com\/#website\"},\"datePublished\":\"2018-09-21T15:50:03+00:00\",\"dateModified\":\"2018-10-31T14:47:12+00:00\",\"breadcrumb\":{\"@id\":\"https:\/\/liemchinhsecurity.com\/?page_id=49#breadcrumb\"},\"inLanguage\":\"vi\",\"potentialAction\":[{\"@type\":\"ReadAction\",\"target\":[\"https:\/\/liemchinhsecurity.com\/?page_id=49\"]}]},{\"@type\":\"BreadcrumbList\",\"@id\":\"https:\/\/liemchinhsecurity.com\/?page_id=49#breadcrumb\",\"itemListElement\":[{\"@type\":\"ListItem\",\"position\":1,\"name\":\"Trang ch\u1ee7\",\"item\":\"https:\/\/liemchinhsecurity.com\/\"},{\"@type\":\"ListItem\",\"position\":2,\"name\":\"Tuy\u1ec3n d\u1ee5ng\"}]}]}<\/script>\n<!-- \/ Yoast SEO Premium plugin. -->","yoast_head_json":{"title":"Tuy\u1ec3n d\u1ee5ng - C\u00f4ng ty B\u1ea3o V\u1ec7 TPHCM","robots":{"index":"index","follow":"follow","max-snippet":"max-snippet:-1","max-image-preview":"max-image-preview:large","max-video-preview":"max-video-preview:-1"},"canonical":"https:\/\/liemchinhsecurity.com\/?page_id=49","og_locale":"vi_VN","og_type":"article","og_title":"Tuy\u1ec3n d\u1ee5ng - C\u00f4ng ty B\u1ea3o V\u1ec7 TPHCM","og_description":"Tuy\u1ec3n nh\u00e2n vi\u00ean b\u1ea3o v\u1ec7","og_url":"https:\/\/liemchinhsecurity.com\/?page_id=49","og_site_name":"C\u00f4ng ty B\u1ea3o V\u1ec7 TPHCM","article_publisher":"https:\/\/www.facebook.com\/baoveliemchinh\/","article_modified_time":"2018-10-31T14:47:12+00:00","twitter_card":"summary_large_image","twitter_site":"@baoveliemchinh","schema":{"@context":"https:\/\/schema.org","@graph":[{"@type":"Organization","@id":"https:\/\/liemchinhsecurity.com\/#organization","name":"C\u00d4NG TY B\u1ea2O V\u1ec6 UY T\u00cdN CH\u1ea4T L\u01af\u1ee2NG CHUY\u00caN NGHI\u1ec6P GI\u00c1 R\u1eba LI\u00caM CH\u00cdNH","url":"https:\/\/liemchinhsecurity.com\/","sameAs":["https:\/\/www.facebook.com\/baoveliemchinh\/","https:\/\/www.youtube.com\/channel\/UCVqUA6L67w-ca5PM39JAYpQ","https:\/\/twitter.com\/baoveliemchinh"],"logo":{"@type":"ImageObject","@id":"https:\/\/liemchinhsecurity.com\/#logo","inLanguage":"vi","url":"https:\/\/liemchinhsecurity.com\/wp-content\/uploads\/2018\/09\/LOGO-cong-ty.png","contentUrl":"https:\/\/liemchinhsecurity.com\/wp-content\/uploads\/2018\/09\/LOGO-cong-ty.png","width":100,"height":100,"caption":"C\u00d4NG TY B\u1ea2O V\u1ec6 UY T\u00cdN CH\u1ea4T L\u01af\u1ee2NG CHUY\u00caN NGHI\u1ec6P GI\u00c1 R\u1eba LI\u00caM CH\u00cdNH"},"image":{"@id":"https:\/\/liemchinhsecurity.com\/#logo"}},{"@type":"WebSite","@id":"https:\/\/liemchinhsecurity.com\/#website","url":"https:\/\/liemchinhsecurity.com\/","name":"C\u00f4ng ty B\u1ea3o V\u1ec7 TPHCM","description":"C\u00f4ng Ty B\u1ea3o v\u1ec7 Li\u00eam Ch\u00ednh l\u00e0 ch\u00eca kh\u00f3a cho nh\u01b0ng gi\u1ea3i ph\u00e1p an ninh","publisher":{"@id":"https:\/\/liemchinhsecurity.com\/#organization"},"potentialAction":[{"@type":"SearchAction","target":{"@type":"EntryPoint","urlTemplate":"https:\/\/liemchinhsecurity.com\/?s={search_term_string}"},"query-input":"required name=search_term_string"}],"inLanguage":"vi"},{"@type":"WebPage","@id":"https:\/\/liemchinhsecurity.com\/?page_id=49#webpage","url":"https:\/\/liemchinhsecurity.com\/?page_id=49","name":"Tuy\u1ec3n d\u1ee5ng - C\u00f4ng ty B\u1ea3o V\u1ec7 TPHCM","isPartOf":{"@id":"https:\/\/liemchinhsecurity.com\/#website"},"datePublished":"2018-09-21T15:50:03+00:00","dateModified":"2018-10-31T14:47:12+00:00","breadcrumb":{"@id":"https:\/\/liemchinhsecurity.com\/?page_id=49#breadcrumb"},"inLanguage":"vi","potentialAction":[{"@type":"ReadAction","target":["https:\/\/liemchinhsecurity.com\/?page_id=49"]}]},{"@type":"BreadcrumbList","@id":"https:\/\/liemchinhsecurity.com\/?page_id=49#breadcrumb","itemListElement":[{"@type":"ListItem","position":1,"name":"Trang ch\u1ee7","item":"https:\/\/liemchinhsecurity.com\/"},{"@type":"ListItem","position":2,"name":"Tuy\u1ec3n d\u1ee5ng"}]}]}},"_links":{"self":[{"href":"https:\/\/liemchinhsecurity.com\/index.php?rest_route=\/wp\/v2\/pages\/49"}],"collection":[{"href":"https:\/\/liemchinhsecurity.com\/index.php?rest_route=\/wp\/v2\/pages"}],"about":[{"href":"https:\/\/liemchinhsecurity.com\/index.php?rest_route=\/wp\/v2\/types\/page"}],"author":[{"embeddable":true,"href":"https:\/\/liemchinhsecurity.com\/index.php?rest_route=\/wp\/v2\/users\/1"}],"replies":[{"embeddable":true,"href":"https:\/\/liemchinhsecurity.com\/index.php?rest_route=%2Fwp%2Fv2%2Fcomments&post=49"}],"version-history":[{"count":3,"href":"https:\/\/liemchinhsecurity.com\/index.php?rest_route=\/wp\/v2\/pages\/49\/revisions"}],"predecessor-version":[{"id":474,"href":"https:\/\/liemchinhsecurity.com\/index.php?rest_route=\/wp\/v2\/pages\/49\/revisions\/474"}],"wp:attachment":[{"href":"https:\/\/liemchinhsecurity.com\/index.php?rest_route=%2Fwp%2Fv2%2Fmedia&parent=49"}],"curies":[{"name":"wp","href":"https:\/\/api.w.org\/{rel}","templated":true}]}}