{"id":54,"date":"2018-09-21T15:53:39","date_gmt":"2018-09-21T15:53:39","guid":{"rendered":"http:\/\/liemchinhsecurity.com\/?page_id=54"},"modified":"2021-05-07T12:16:39","modified_gmt":"2021-05-07T05:16:39","slug":"gioi-thieu","status":"publish","type":"page","link":"https:\/\/liemchinhsecurity.com\/?page_id=54","title":{"rendered":"Gi\u1edbi thi\u1ec7u"},"content":{"rendered":"<div class=\"gioi-thieu\">\n<div class=\"gioi-thieu-1\">\n<p><strong style=\"color: #d80707; font-size: 20px;\"><u>T\u00d3M L\u01af\u1ee2C V\u1ec0 C\u00d4NG TY LI\u00caM CH\u00cdNH<\/u><\/strong><\/p>\n<p><strong>C\u00f4ng ty TNHH D\u1ecbch V\u1ee5 B\u1ea3o V\u1ec7 Li\u00eam Ch\u00ednh<\/strong> \u0111\u01b0\u1ee3c th\u00e0nh l\u1eadp v\u00e0 \u0111\u01b0\u1ee3c c\u1ea5p gi\u1ea5y ph\u00e9p theo lu\u1eadt ph\u00e1p n\u01b0\u1edbc C\u1ed9ng H\u00f2a X\u00e3 H\u1ed9i Ch\u1ee7 Ngh\u0129a Vi\u1ec7t Nam <u>t\u1ea1i TP. HCM<\/u>. C\u00f4ng Ty Li\u00eam Ch\u00ednh cung c\u1ea5p d\u1ecbch v\u1ee5 t\u1ea1i <u>H\u00e0 N\u1ed9i; H\u1ea3i D\u01b0\u01a1ng;<\/u> <u>B\u1eafc Ninh; B\u00e0 R\u1ecba-V\u0169ng T\u00e0u<\/u>;<u> C\u1ea7n Th\u01a1;<\/u> <u>\u0110\u1ed3ng Nai<\/u>;<u> B\u00ecnh D\u01b0\u01a1ng<\/u>;<u> \u0110\u00e0 N\u1eb5ng; Long An, T\u00e2y Ninh <\/u>\u2026v.v<\/p>\n<p><strong>C\u00f4ng ty TNHH DVBV Li\u00eam Ch\u00ednh<\/strong> ho\u1ea1t \u0111\u1ed9ng theo \u0111\u00fang tinh th\u1ea7n c\u1ee7a Ngh\u1ecb \u0110\u1ecbnh 96\/2016\/N\u0110-CP c\u1ee7a Th\u1ee7 T\u01b0\u1edbng Ch\u00ednh Ph\u1ee7<br \/>\nk\u00fd ng\u00e0y 01\/07\/2016.<\/p>\n<p>Nh\u1eefng th\u00e0nh vi\u00ean s\u00e1ng l\u1eadp v\u00e0 Ban Gi\u00e1m \u0110\u1ed1c \u0111i\u1ec1u h\u00e0nh c\u1ee7a<br \/>\n<strong>C\u00f4ng ty TNHH DVBV Li\u00eam Ch\u00ednh<\/strong> \u0111\u1ec1u xu\u1ea5t th\u00e2n t\u1eeb l\u1ef1c<br \/>\nl\u01b0\u1ee3ng v\u0169 trang (c\u00f4ng an, qu\u00e2n \u0111\u1ed9i) v\u1edbi nhi\u1ec1u n\u0103m<br \/>\nkinh nghi\u1ec7m trong l\u0129nh v\u1ef1c an ninh.<\/p>\n<p><strong>C\u00f4ng ty TNHH DVBV Li\u00eam Ch\u00ednh<\/strong> l\u00e0 c\u00f4ng ty chuy\u00ean<br \/>\ncung c\u1ea5p d\u1ecbch v\u1ee5 b\u1ea3o v\u1ec7 cho t\u1ea5t c\u1ea3 nh\u1eefng y\u00eau c\u1ea7u<br \/>\nc\u1ee7a kh\u00e1ch h\u00e0ng trong nhi\u1ec1u l\u0129nh v\u1ef1c nh\u01b0; b\u1ea3o v\u1ec7<br \/>\ny\u1ebfu nh\u00e2n, b\u1ea3o v\u1ec7 cho c\u00f4ng ty x\u00ed nghi\u1ec7p, b\u1ea3o v\u1ec7<br \/>\ncho khu c\u00f4ng nghi\u1ec7p, b\u1ea3o v\u1ec7 cho c\u00f4ng tr\u00ecnh x\u00e2y<br \/>\nd\u1ef1ng, b\u1ea3o v\u1ec7 cho \u0111\u1ea1i s\u1ee9 qu\u00e1n v\u00e0 l\u00e3nh s\u1ef1 qu\u00e1n,<br \/>\nb\u1ea3o v\u1ec7 cho nh\u00e0 ri\u00eang, b\u1ea3o v\u1ec7 cho s\u1ef1 ki\u1ec7n, b\u1ea3o v\u1ec7<br \/>\ncho tr\u01b0\u1eddng h\u1ecdc, b\u1ea3o v\u1ec7 cho b\u1ec7nh vi\u1ec7n, b\u1ea3o v\u1ec7 cho<br \/>\nkh\u00e1ch s\u1ea1n.<\/p>\n<\/div>\n<div class=\"gioi-thieu-2\"><strong>C\u00f4ng ty TNHH DVBV Li\u00eam Ch\u00ednh<\/strong> \u0111\u1ec1u t\u1ed5 ch\u1ee9c hu\u1ea5n<br \/>\nluy\u1ec7n t\u1ed5ng qu\u00e1t, chuy\u00ean s\u00e2u v\u00e0 \u00fd th\u1ee9c tr\u00e1ch nhi\u1ec7m,<br \/>\nl\u00f2ng trung th\u00e0nh, t\u00ednh k\u1ef7 lu\u1eadt, s\u1ef1 can \u0111\u1ea3m cho t\u1ea5t c\u1ea3<br \/>\nnh\u00e2n vi\u00ean c\u1ee7a m\u00ecnh, nh\u1eb1m m\u1ee5c \u0111\u00edch \u0111\u1ea3m b\u1ea3o cho<br \/>\nt\u1ea5t c\u1ea3 nh\u00e2n vi\u00ean b\u1ea3o v\u1ec7 sau khi ra tr\u01b0\u1eddng c\u00f3 nghi\u1ec7p<br \/>\nv\u1ee5 b\u1ea3o v\u1ec7 chuy\u00ean nghi\u1ec7p, \u0111\u1ee7 t\u1ef1 tin khi l\u00e0m nhi\u1ec7m v\u1ee5<br \/>\n\u0111\u01b0\u1ee3c giao c\u1ee7a kh\u00e1ch h\u00e0ng.<strong>C\u00f4ng ty TNHH DVBV Li\u00eam Ch\u00ednh l\u00e0 c\u00f4ng ty 100% s\u1edf h\u1eefu<br \/>\nt\u01b0 nh\u00e2n<\/strong>, nh\u01b0ng \u0111\u1ed9i ng\u0169 qu\u1ea3n tr\u1ecb c\u1ea5p cao c\u1ee7a c\u00f4ng ty lu\u00f4n c\u00f3<br \/>\nki\u1ebfn th\u1ee9c t\u1ed5ng qu\u00e1t v\u1ec1 t\u1eadp qu\u00e1n c\u1ee7a \u0111\u1ecba ph\u01b0\u01a1ng, v\u1ec1 v\u0103n h\u00f3a th\u01b0\u01a1ng<br \/>\nm\u1ea1i, qua \u0111\u00f3 s\u1ebd \u0111\u00e0o t\u1ea1o ra nh\u1eefng b\u1ea3o v\u1ec7 c\u00f3 ti\u00eau chu\u1ea9n cao, \u0111\u01b0a \u0111\u1ebfn cho kh\u00e1ch<br \/>\nh\u00e0ng m\u1ed9t d\u1ecbch v\u1ee5 b\u1ea3o v\u1ec7 chuy\u00ean nghi\u1ec7p, hi\u1ec7n nay ban l\u00e3nh \u0111\u1ea1o c\u00f4ng ty ch\u00fang t\u00f4i \u0111ang<br \/>\nth\u1ea3o lu\u1eadn v\u1ec1 vi\u1ec7c s\u1ebd h\u1ee3p t\u00e1c v\u1edbi m\u1ed9t \u0111\u1ed1i t\u00e1c n\u01b0\u1edbc ngo\u00e0i c\u00f3 nhi\u1ec1u n\u0103m ho\u1ea1t \u0111\u1ed9ng trong<br \/>\nl\u0129nh v\u1ef1c b\u1ea3o v\u1ec7 nh\u1eb1m h\u1ed7 tr\u1ee3 c\u00f4ng ty v\u1ec1 m\u1eb7t chuy\u00ean m\u00f4n c\u0169ng nh\u01b0 nh\u1eefng gi\u1ea3i ph\u00e1p<br \/>\nc\u00f4ng ngh\u1ec7.V\u00e0o th\u1eddi \u0111i\u1ec3m th\u00e1ng 01.01.2018 ch\u00fang t\u00f4i \u0111\u00e3 c\u00f3 500 nh\u00e2n vi\u00ean b\u1ea3o v\u1ec7 l\u00e0m vi\u1ec7c t\u1ea1i nhi\u1ec1u<br \/>\nt\u1ec9nh th\u00e0nh c\u1ee7a c\u1ea3 n\u01b0\u1edbc, t\u1ea5t c\u1ea3 nh\u1eefng b\u1ea3o v\u1ec7 c\u1ee7a ch\u00fang t\u00f4i \u0111\u1ec1u \u0111\u01b0\u1ee3c hu\u1ea5n luy\u1ec7n nghi\u1ec7p v\u1ee5<br \/>\ntr\u01b0\u1edbc khi \u0111\u01b0\u1ee3c b\u1ed1 tr\u00ed l\u00e0m vi\u1ec7c.<\/p>\n<div><\/div>\n<\/div>\n<\/div>\n","protected":false},"excerpt":{"rendered":"<p>T\u00d3M L\u01af\u1ee2C V\u1ec0 C\u00d4NG TY LI\u00caM CH\u00cdNH C\u00f4ng ty TNHH D\u1ecbch V\u1ee5 B\u1ea3o V\u1ec7 Li\u00eam Ch\u00ednh \u0111\u01b0\u1ee3c th\u00e0nh l\u1eadp v\u00e0 \u0111\u01b0\u1ee3c c\u1ea5p gi\u1ea5y ph\u00e9p theo lu\u1eadt<span class=\"excerpt-hellip\"> [\u2026]<\/span><\/p>\n","protected":false},"author":1,"featured_media":0,"parent":0,"menu_order":0,"comment_status":"closed","ping_status":"closed","template":"","meta":[],"yoast_head":"<!-- This site is optimized with the Yoast SEO Premium plugin v16.2 (Yoast SEO v18.3) - https:\/\/yoast.com\/wordpress\/plugins\/seo\/ -->\n<title>Gi\u1edbi thi\u1ec7u - C\u00f4ng ty B\u1ea3o V\u1ec7 TPHCM<\/title>\n<meta name=\"description\" content=\"C\u00f4ng ty b\u1ea3o V\u1ec7 Uy T\u00edn Li\u00eam Ch\u00ednh \u0111\u01b0\u1ee3c th\u00e0nh l\u1eadp v\u00e0 \u0111\u01b0\u1ee3c c\u1ea5p gi\u1ea5y ph\u00e9p theo lu\u1eadt ph\u00e1p n\u01b0\u1edbc C\u1ed9ng H\u00f2a X\u00e3 H\u1ed9i Ch\u1ee7 Ngh\u0129a Vi\u1ec7t Nam t\u1ea1i TP. HCM\" \/>\n<meta name=\"robots\" content=\"index, follow, max-snippet:-1, max-image-preview:large, max-video-preview:-1\" \/>\n<link rel=\"canonical\" href=\"https:\/\/liemchinhsecurity.com\/?page_id=54\" \/>\n<meta property=\"og:locale\" content=\"vi_VN\" \/>\n<meta property=\"og:type\" content=\"article\" \/>\n<meta property=\"og:title\" content=\"Gi\u1edbi thi\u1ec7u - C\u00f4ng ty B\u1ea3o V\u1ec7 TPHCM\" \/>\n<meta property=\"og:description\" content=\"C\u00f4ng ty b\u1ea3o V\u1ec7 Uy T\u00edn Li\u00eam Ch\u00ednh \u0111\u01b0\u1ee3c th\u00e0nh l\u1eadp v\u00e0 \u0111\u01b0\u1ee3c c\u1ea5p gi\u1ea5y ph\u00e9p theo lu\u1eadt ph\u00e1p n\u01b0\u1edbc C\u1ed9ng H\u00f2a X\u00e3 H\u1ed9i Ch\u1ee7 Ngh\u0129a Vi\u1ec7t Nam t\u1ea1i TP. HCM\" \/>\n<meta property=\"og:url\" content=\"https:\/\/liemchinhsecurity.com\/?page_id=54\" \/>\n<meta property=\"og:site_name\" content=\"C\u00f4ng ty B\u1ea3o V\u1ec7 TPHCM\" \/>\n<meta property=\"article:publisher\" content=\"https:\/\/www.facebook.com\/baoveliemchinh\/\" \/>\n<meta property=\"article:modified_time\" content=\"2021-05-07T05:16:39+00:00\" \/>\n<meta name=\"twitter:card\" content=\"summary_large_image\" \/>\n<meta name=\"twitter:site\" content=\"@baoveliemchinh\" \/>\n<meta name=\"twitter:label1\" content=\"\u01af\u1edbc t\u00ednh th\u1eddi gian \u0111\u1ecdc\" \/>\n\t<meta name=\"twitter:data1\" content=\"2 ph\u00fat\" \/>\n<script type=\"application\/ld+json\" class=\"yoast-schema-graph\">{\"@context\":\"https:\/\/schema.org\",\"@graph\":[{\"@type\":\"Organization\",\"@id\":\"https:\/\/liemchinhsecurity.com\/#organization\",\"name\":\"C\u00d4NG TY B\u1ea2O V\u1ec6 UY T\u00cdN CH\u1ea4T L\u01af\u1ee2NG CHUY\u00caN NGHI\u1ec6P GI\u00c1 R\u1eba LI\u00caM CH\u00cdNH\",\"url\":\"https:\/\/liemchinhsecurity.com\/\",\"sameAs\":[\"https:\/\/www.facebook.com\/baoveliemchinh\/\",\"https:\/\/www.youtube.com\/channel\/UCVqUA6L67w-ca5PM39JAYpQ\",\"https:\/\/twitter.com\/baoveliemchinh\"],\"logo\":{\"@type\":\"ImageObject\",\"@id\":\"https:\/\/liemchinhsecurity.com\/#logo\",\"inLanguage\":\"vi\",\"url\":\"https:\/\/liemchinhsecurity.com\/wp-content\/uploads\/2018\/09\/LOGO-cong-ty.png\",\"contentUrl\":\"https:\/\/liemchinhsecurity.com\/wp-content\/uploads\/2018\/09\/LOGO-cong-ty.png\",\"width\":100,\"height\":100,\"caption\":\"C\u00d4NG TY B\u1ea2O V\u1ec6 UY T\u00cdN CH\u1ea4T L\u01af\u1ee2NG CHUY\u00caN NGHI\u1ec6P GI\u00c1 R\u1eba LI\u00caM CH\u00cdNH\"},\"image\":{\"@id\":\"https:\/\/liemchinhsecurity.com\/#logo\"}},{\"@type\":\"WebSite\",\"@id\":\"https:\/\/liemchinhsecurity.com\/#website\",\"url\":\"https:\/\/liemchinhsecurity.com\/\",\"name\":\"C\u00f4ng ty B\u1ea3o V\u1ec7 TPHCM\",\"description\":\"C\u00f4ng Ty B\u1ea3o v\u1ec7 Li\u00eam Ch\u00ednh l\u00e0 ch\u00eca kh\u00f3a cho nh\u01b0ng gi\u1ea3i ph\u00e1p an ninh\",\"publisher\":{\"@id\":\"https:\/\/liemchinhsecurity.com\/#organization\"},\"potentialAction\":[{\"@type\":\"SearchAction\",\"target\":{\"@type\":\"EntryPoint\",\"urlTemplate\":\"https:\/\/liemchinhsecurity.com\/?s={search_term_string}\"},\"query-input\":\"required name=search_term_string\"}],\"inLanguage\":\"vi\"},{\"@type\":\"WebPage\",\"@id\":\"https:\/\/liemchinhsecurity.com\/?page_id=54#webpage\",\"url\":\"https:\/\/liemchinhsecurity.com\/?page_id=54\",\"name\":\"Gi\u1edbi thi\u1ec7u - C\u00f4ng ty B\u1ea3o V\u1ec7 TPHCM\",\"isPartOf\":{\"@id\":\"https:\/\/liemchinhsecurity.com\/#website\"},\"datePublished\":\"2018-09-21T15:53:39+00:00\",\"dateModified\":\"2021-05-07T05:16:39+00:00\",\"description\":\"C\u00f4ng ty b\u1ea3o V\u1ec7 Uy T\u00edn Li\u00eam Ch\u00ednh \u0111\u01b0\u1ee3c th\u00e0nh l\u1eadp v\u00e0 \u0111\u01b0\u1ee3c c\u1ea5p gi\u1ea5y ph\u00e9p theo lu\u1eadt ph\u00e1p n\u01b0\u1edbc C\u1ed9ng H\u00f2a X\u00e3 H\u1ed9i Ch\u1ee7 Ngh\u0129a Vi\u1ec7t Nam t\u1ea1i TP. HCM\",\"breadcrumb\":{\"@id\":\"https:\/\/liemchinhsecurity.com\/?page_id=54#breadcrumb\"},\"inLanguage\":\"vi\",\"potentialAction\":[{\"@type\":\"ReadAction\",\"target\":[\"https:\/\/liemchinhsecurity.com\/?page_id=54\"]}]},{\"@type\":\"BreadcrumbList\",\"@id\":\"https:\/\/liemchinhsecurity.com\/?page_id=54#breadcrumb\",\"itemListElement\":[{\"@type\":\"ListItem\",\"position\":1,\"name\":\"Trang ch\u1ee7\",\"item\":\"https:\/\/liemchinhsecurity.com\/\"},{\"@type\":\"ListItem\",\"position\":2,\"name\":\"Gi\u1edbi thi\u1ec7u\"}]}]}<\/script>\n<!-- \/ Yoast SEO Premium plugin. -->","yoast_head_json":{"title":"Gi\u1edbi thi\u1ec7u - C\u00f4ng ty B\u1ea3o V\u1ec7 TPHCM","description":"C\u00f4ng ty b\u1ea3o V\u1ec7 Uy T\u00edn Li\u00eam Ch\u00ednh \u0111\u01b0\u1ee3c th\u00e0nh l\u1eadp v\u00e0 \u0111\u01b0\u1ee3c c\u1ea5p gi\u1ea5y ph\u00e9p theo lu\u1eadt ph\u00e1p n\u01b0\u1edbc C\u1ed9ng H\u00f2a X\u00e3 H\u1ed9i Ch\u1ee7 Ngh\u0129a Vi\u1ec7t Nam t\u1ea1i TP. HCM","robots":{"index":"index","follow":"follow","max-snippet":"max-snippet:-1","max-image-preview":"max-image-preview:large","max-video-preview":"max-video-preview:-1"},"canonical":"https:\/\/liemchinhsecurity.com\/?page_id=54","og_locale":"vi_VN","og_type":"article","og_title":"Gi\u1edbi thi\u1ec7u - C\u00f4ng ty B\u1ea3o V\u1ec7 TPHCM","og_description":"C\u00f4ng ty b\u1ea3o V\u1ec7 Uy T\u00edn Li\u00eam Ch\u00ednh \u0111\u01b0\u1ee3c th\u00e0nh l\u1eadp v\u00e0 \u0111\u01b0\u1ee3c c\u1ea5p gi\u1ea5y ph\u00e9p theo lu\u1eadt ph\u00e1p n\u01b0\u1edbc C\u1ed9ng H\u00f2a X\u00e3 H\u1ed9i Ch\u1ee7 Ngh\u0129a Vi\u1ec7t Nam t\u1ea1i TP. HCM","og_url":"https:\/\/liemchinhsecurity.com\/?page_id=54","og_site_name":"C\u00f4ng ty B\u1ea3o V\u1ec7 TPHCM","article_publisher":"https:\/\/www.facebook.com\/baoveliemchinh\/","article_modified_time":"2021-05-07T05:16:39+00:00","twitter_card":"summary_large_image","twitter_site":"@baoveliemchinh","twitter_misc":{"\u01af\u1edbc t\u00ednh th\u1eddi gian \u0111\u1ecdc":"2 ph\u00fat"},"schema":{"@context":"https:\/\/schema.org","@graph":[{"@type":"Organization","@id":"https:\/\/liemchinhsecurity.com\/#organization","name":"C\u00d4NG TY B\u1ea2O V\u1ec6 UY T\u00cdN CH\u1ea4T L\u01af\u1ee2NG CHUY\u00caN NGHI\u1ec6P GI\u00c1 R\u1eba LI\u00caM CH\u00cdNH","url":"https:\/\/liemchinhsecurity.com\/","sameAs":["https:\/\/www.facebook.com\/baoveliemchinh\/","https:\/\/www.youtube.com\/channel\/UCVqUA6L67w-ca5PM39JAYpQ","https:\/\/twitter.com\/baoveliemchinh"],"logo":{"@type":"ImageObject","@id":"https:\/\/liemchinhsecurity.com\/#logo","inLanguage":"vi","url":"https:\/\/liemchinhsecurity.com\/wp-content\/uploads\/2018\/09\/LOGO-cong-ty.png","contentUrl":"https:\/\/liemchinhsecurity.com\/wp-content\/uploads\/2018\/09\/LOGO-cong-ty.png","width":100,"height":100,"caption":"C\u00d4NG TY B\u1ea2O V\u1ec6 UY T\u00cdN CH\u1ea4T L\u01af\u1ee2NG CHUY\u00caN NGHI\u1ec6P GI\u00c1 R\u1eba LI\u00caM CH\u00cdNH"},"image":{"@id":"https:\/\/liemchinhsecurity.com\/#logo"}},{"@type":"WebSite","@id":"https:\/\/liemchinhsecurity.com\/#website","url":"https:\/\/liemchinhsecurity.com\/","name":"C\u00f4ng ty B\u1ea3o V\u1ec7 TPHCM","description":"C\u00f4ng Ty B\u1ea3o v\u1ec7 Li\u00eam Ch\u00ednh l\u00e0 ch\u00eca kh\u00f3a cho nh\u01b0ng gi\u1ea3i ph\u00e1p an ninh","publisher":{"@id":"https:\/\/liemchinhsecurity.com\/#organization"},"potentialAction":[{"@type":"SearchAction","target":{"@type":"EntryPoint","urlTemplate":"https:\/\/liemchinhsecurity.com\/?s={search_term_string}"},"query-input":"required name=search_term_string"}],"inLanguage":"vi"},{"@type":"WebPage","@id":"https:\/\/liemchinhsecurity.com\/?page_id=54#webpage","url":"https:\/\/liemchinhsecurity.com\/?page_id=54","name":"Gi\u1edbi thi\u1ec7u - C\u00f4ng ty B\u1ea3o V\u1ec7 TPHCM","isPartOf":{"@id":"https:\/\/liemchinhsecurity.com\/#website"},"datePublished":"2018-09-21T15:53:39+00:00","dateModified":"2021-05-07T05:16:39+00:00","description":"C\u00f4ng ty b\u1ea3o V\u1ec7 Uy T\u00edn Li\u00eam Ch\u00ednh \u0111\u01b0\u1ee3c th\u00e0nh l\u1eadp v\u00e0 \u0111\u01b0\u1ee3c c\u1ea5p gi\u1ea5y ph\u00e9p theo lu\u1eadt ph\u00e1p n\u01b0\u1edbc C\u1ed9ng H\u00f2a X\u00e3 H\u1ed9i Ch\u1ee7 Ngh\u0129a Vi\u1ec7t Nam t\u1ea1i TP. HCM","breadcrumb":{"@id":"https:\/\/liemchinhsecurity.com\/?page_id=54#breadcrumb"},"inLanguage":"vi","potentialAction":[{"@type":"ReadAction","target":["https:\/\/liemchinhsecurity.com\/?page_id=54"]}]},{"@type":"BreadcrumbList","@id":"https:\/\/liemchinhsecurity.com\/?page_id=54#breadcrumb","itemListElement":[{"@type":"ListItem","position":1,"name":"Trang ch\u1ee7","item":"https:\/\/liemchinhsecurity.com\/"},{"@type":"ListItem","position":2,"name":"Gi\u1edbi thi\u1ec7u"}]}]}},"_links":{"self":[{"href":"https:\/\/liemchinhsecurity.com\/index.php?rest_route=\/wp\/v2\/pages\/54"}],"collection":[{"href":"https:\/\/liemchinhsecurity.com\/index.php?rest_route=\/wp\/v2\/pages"}],"about":[{"href":"https:\/\/liemchinhsecurity.com\/index.php?rest_route=\/wp\/v2\/types\/page"}],"author":[{"embeddable":true,"href":"https:\/\/liemchinhsecurity.com\/index.php?rest_route=\/wp\/v2\/users\/1"}],"replies":[{"embeddable":true,"href":"https:\/\/liemchinhsecurity.com\/index.php?rest_route=%2Fwp%2Fv2%2Fcomments&post=54"}],"version-history":[{"count":10,"href":"https:\/\/liemchinhsecurity.com\/index.php?rest_route=\/wp\/v2\/pages\/54\/revisions"}],"predecessor-version":[{"id":8445,"href":"https:\/\/liemchinhsecurity.com\/index.php?rest_route=\/wp\/v2\/pages\/54\/revisions\/8445"}],"wp:attachment":[{"href":"https:\/\/liemchinhsecurity.com\/index.php?rest_route=%2Fwp%2Fv2%2Fmedia&parent=54"}],"curies":[{"name":"wp","href":"https:\/\/api.w.org\/{rel}","templated":true}]}}